{"id":15,"date":"2022-03-15T00:08:59","date_gmt":"2022-03-14T23:08:59","guid":{"rendered":"https:\/\/roter1maivorabendnrw.noblogs.org\/?page_id=15"},"modified":"2025-04-06T09:17:48","modified_gmt":"2025-04-06T07:17:48","slug":"aufruf","status":"publish","type":"page","link":"https:\/\/roter1maivorabendnrw.noblogs.org\/?page_id=15","title":{"rendered":"Aufruf"},"content":{"rendered":"\n<h3 class=\"wp-block-heading\"><strong><strong>Krieg, Faschismus, Repression? Auf zur sozialistischen Revolution!<\/strong><\/strong><\/h3>\n\n\n\n<p><strong>30. April \/ 18 Uhr \/ D\u00fcsseldorf Hauptbahnhof<\/strong><\/p>\n\n\n\n<p><strong>Der deutsche Imperialismus<\/strong><strong> steckt tief in der Krise <\/strong><strong>und <\/strong><strong>wir als Arbeiter:innen bekommen das schon seit Jahren zu sp\u00fcren<\/strong><strong>. <\/strong><strong>Wir sollen bis zum Umfallen f\u00fcr unsere Chefs und die Wirtschaft arbeiten und anstatt wir daf\u00fcr vern\u00fcnftig entlohnt w<\/strong><strong>erden<\/strong><strong>, reiht sich eine Krise an die n\u00e4chste. <\/strong><strong>Parallel schreitet die<\/strong><strong> Aufr\u00fcstung mit gro\u00dfen Schritten voran<\/strong><strong>. <\/strong><strong>Die Bundeswehr hat es auf die <\/strong><strong>Jugendlichen<\/strong><strong> unserer Klasse abgesehen, bald soll wieder f\u00fcr <\/strong><strong>das<\/strong><strong> Vaterland gestorben werden. <\/strong><strong>Die hart erk\u00e4mpften Rechte der <\/strong><strong>Frauen <\/strong><strong>und LGBTI+ Personen <\/strong><strong>werden angegriffen<\/strong><strong>, p<\/strong><strong>atriarch<\/strong><strong>ale Unterdr\u00fcckung versch\u00e4rft sich. <\/strong><strong>Faschist:innen, <\/strong><strong>die<\/strong><strong> Schl\u00e4gertrupp<\/strong><strong>s <\/strong><strong>des Kapital, <\/strong><strong>trauen sich wieder antifaschistische Menschen und R\u00e4ume anzugreifen und nehmen unsere migrantischen Klassengeschwister ins Visier.<\/strong><\/p>\n\n\n\n<p><strong>Aber gleichzeitig gibt es Widerstand<\/strong><strong>. <\/strong><strong>Ob Demonstrationen<\/strong><strong>gegen den Rechtsruck,<\/strong><strong> der<\/strong><strong> Kampf f\u00fcr bessere L\u00f6<\/strong><strong>hne<\/strong><strong>oder auch<\/strong><strong>die internationalen <\/strong><strong>Freiheitsk<\/strong><strong>\u00e4mpfe in Pal\u00e4stina oder Kurdistan <\/strong><strong>beweisen, dass <\/strong><strong>wir uns wehren k\u00f6nnen. <\/strong><strong>Sobald wir dem Staat <\/strong><strong>jedoch <\/strong><strong>gef\u00e4hrlich werden, m\u00fcssen wir mit harten Repressionen rechnen. <\/strong><strong>Das beweisen die Verfahren im Budapest-Komplex genauso wie der Schauprozess gegen Daniela Klette. <\/strong><strong>Die Legitimit\u00e4t dieser K\u00e4mpfe m\u00fcssen wir <\/strong><strong>jeden Tag verteidigen.<\/strong><\/p>\n\n\n\n<p><strong>Der 1. Mai ist unser Kampftag als Arbeiter:innen. I<\/strong><strong>m <\/strong><strong>Kapitalismus <\/strong><strong>werden wir immer die Knechte der Kapitalist:innen sein<\/strong><strong>. <\/strong><strong>Unsere Hoffnung und unser Ziel ist der<\/strong><strong> Sozialismus. <\/strong><strong>Am Vorabend unseres Kampftages gehen wir <\/strong><strong>k\u00e4mpferisch<\/strong><strong> f\u00fcr ein Ende von Ausbeutung und Unterdr\u00fcckung auf die Stra\u00dfe.<\/strong><\/p>\n\n\n\n<p><strong>Denn die <\/strong><strong>Freiheit <\/strong><strong>wird uns <\/strong><strong>nicht geschenkt, <\/strong><strong>wir m\u00fcssen <\/strong><strong>sie <\/strong><strong>erk\u00e4mpfen!<\/strong><\/p>\n\n\n\n<p><strong>Komm<\/strong><strong>t<\/strong><strong> mit uns <\/strong><strong>zur revolution\u00e4ren <\/strong><strong>NRW-weiten <\/strong><strong>Vorabenddemonstration auf die Stra\u00dfe!<\/strong>&nbsp;<\/p>\n","protected":false},"excerpt":{"rendered":"<p>Krieg, Faschismus, Repression? Auf zur sozialistischen Revolution! 30. April \/ 18 Uhr \/ D\u00fcsseldorf Hauptbahnhof Der deutsche Imperialismus steckt tief in der Krise und wir als Arbeiter:innen bekommen das schon seit Jahren zu sp\u00fcren. Wir sollen bis zum Umfallen f\u00fcr unsere Chefs und die Wirtschaft arbeiten und anstatt wir daf\u00fcr vern\u00fcnftig entlohnt werden, reiht sich [&hellip;]<\/p>\n","protected":false},"author":17503,"featured_media":0,"parent":0,"menu_order":0,"comment_status":"closed","ping_status":"closed","template":"","meta":{"footnotes":""},"class_list":["post-15","page","type-page","status-publish","hentry"],"_links":{"self":[{"href":"https:\/\/roter1maivorabendnrw.noblogs.org\/index.php?rest_route=\/wp\/v2\/pages\/15","targetHints":{"allow":["GET"]}}],"collection":[{"href":"https:\/\/roter1maivorabendnrw.noblogs.org\/index.php?rest_route=\/wp\/v2\/pages"}],"about":[{"href":"https:\/\/roter1maivorabendnrw.noblogs.org\/index.php?rest_route=\/wp\/v2\/types\/page"}],"author":[{"embeddable":true,"href":"https:\/\/roter1maivorabendnrw.noblogs.org\/index.php?rest_route=\/wp\/v2\/users\/17503"}],"replies":[{"embeddable":true,"href":"https:\/\/roter1maivorabendnrw.noblogs.org\/index.php?rest_route=%2Fwp%2Fv2%2Fcomments&post=15"}],"version-history":[{"count":10,"href":"https:\/\/roter1maivorabendnrw.noblogs.org\/index.php?rest_route=\/wp\/v2\/pages\/15\/revisions"}],"predecessor-version":[{"id":235,"href":"https:\/\/roter1maivorabendnrw.noblogs.org\/index.php?rest_route=\/wp\/v2\/pages\/15\/revisions\/235"}],"wp:attachment":[{"href":"https:\/\/roter1maivorabendnrw.noblogs.org\/index.php?rest_route=%2Fwp%2Fv2%2Fmedia&parent=15"}],"curies":[{"name":"wp","href":"https:\/\/api.w.org\/{rel}","templated":true}]}}